{"id":333,"date":"2019-01-15T04:27:58","date_gmt":"2019-01-15T04:27:58","guid":{"rendered":"http:\/\/shtheme.com\/demosd\/interiorarc\/?page_id=333"},"modified":"2022-10-13T14:26:47","modified_gmt":"2022-10-13T14:26:47","slug":"ne-sunuyoruz","status":"publish","type":"page","link":"https:\/\/www.virtusidea.com\/index.php\/ne-sunuyoruz\/","title":{"rendered":"NE SUNUYORUZ"},"content":{"rendered":"<p>[vc_row][vc_column]    \n    <section class=\"page-title\" style=\"background-image: url(https:\/\/www.virtusidea.com\/wp-content\/uploads\/2022\/10\/299779-P7FMQ1-506-scaled.jpg); background-size: cover;\">\n            <div class=\"container\">\n                <div class=\"row\">\n                    <div class=\"col-xs-12\">\n                        <h2>NE SUNUYORUZ<\/h2>\n                        <ol class=\"breadcrumb\">\n                            <li><a href=\"https:\/\/www.virtusidea.com\/\">ANA SAYFA<\/a><\/li>\n                            <li>NE SUNUYORUZ<\/li>\n                        <\/ol>\n                    <\/div>\n                <\/div>\n            <\/div>\n    <\/section>\n\n[\/vc_column][\/vc_row][vc_row][vc_column][vc_tta_tabs style=&#8221;modern&#8221; color=&#8221;blue&#8221; gap=&#8221;10&#8243; alignment=&#8221;center&#8221; active_section=&#8221;1&#8243;][vc_tta_section i_icon_fontawesome=&#8221;fa fa-eercast&#8221; add_icon=&#8221;true&#8221; title=&#8221;Selling To The Point\u00ae&#8221; tab_id=&#8221;1665669885151-666e2cc4-67f4&#8243;][vc_column_text]<\/p>\n<div id=\"u3000-34\" class=\"clearfix colelem\" data-muse-uid=\"U3000\" data-muse-type=\"txt_frame\" data-ibe-flags=\"txtStyleSrc\" data-sizepolicy=\"fixed\" data-pintopage=\"page_fixedLeft\">\n<h3 id=\"u3000-5\" style=\"text-align: center;\"><strong><span id=\"u3000\">Selling to the Point\u00ae<\/span><\/strong>\u00a0kat\u0131l\u0131mc\u0131lar\u0131nda<strong>\u00a0<span id=\"u3000-3\">30% ve \u00fczeri sat\u0131\u015f art\u0131\u015f\u0131<\/span><\/strong>\u00a0g\u00f6zlemlenmi\u015ftir, ancak Selling to the Point\u00ae bir sat\u0131\u015f e\u011fitiminden \u00e7ok daha fazlas\u0131d\u0131r.<\/h3>\n<h3 id=\"u3000-6\" style=\"text-align: center;\"><\/h3>\n<h3 id=\"u3000-8\" style=\"text-align: center;\">\u00d6\u011frenme ancak ya\u015fayarak, deneyimlerle ger\u00e7ekle\u015fir,<\/h3>\n<h3 id=\"u3000-10\" style=\"text-align: center;\">Selling to the Point\u00ae Sat\u0131\u015f E\u011fitimi, t\u00fcm kavramlar\u0131n nas\u0131l hayata ge\u00e7irelece\u011fini<\/h3>\n<h3 id=\"u3000-12\" style=\"text-align: center;\">bir \u00e7ok vaka \u00e7al\u0131\u015fmas\u0131 ile ya\u015fatarak \u00f6\u011fretir.<\/h3>\n<h3 id=\"u3000-13\" style=\"text-align: center;\"><\/h3>\n<h3 id=\"u3000-16\" style=\"text-align: center;\"><strong><span id=\"u3000-14\">\u201dKarar Vermek Her\u015feydir\u201d\u00a0<\/span><\/strong>ve hayatta \u00f6\u011frenebilecek en \u00f6nemli becerilerden biridir.<\/h3>\n<h3 id=\"u3000-17\" style=\"text-align: center;\"><\/h3>\n<h3 id=\"u3000-19\" style=\"text-align: center;\">Google, SAP, General Mills gibi \u00f6nde \u00f6nde gelen firmalar,<\/h3>\n<h3 id=\"u3000-23\" style=\"text-align: center;\"><strong>\u00a0<span id=\"u3000-21\">Mindfullness (Bilin\u00e7li Fark\u0131ndal\u0131k)\u00a0<\/span><\/strong>e\u011fitimlerini \u00e7al\u0131\u015fanlar\u0131nda stresi azaltmak, daha verimli bir \u00e7al\u0131\u015fma ortam\u0131 yaratmak, ve sadakati art\u0131rmak i\u00e7in kullanmaktad\u0131r.<\/h3>\n<h3 id=\"u3000-24\" style=\"text-align: center;\"><\/h3>\n<h3 id=\"u3000-26\" style=\"text-align: center;\">Selling to the Point\u00ae \u201dMindfulness\u201d (Bilin\u00e7li Fark\u0131ndal\u0131k) uygulamalar\u0131n\u0131 da sat\u0131\u015fa getirir,<\/h3>\n<h3 id=\"u3000-28\" style=\"text-align: center;\">Etkisi sadece sat\u0131\u015fla kalmaz, kat\u0131l\u0131mc\u0131lar\u0131n i\u015f ve \u00f6zel ya\u015famlar\u0131nda<\/h3>\n<h3 id=\"u3000-30\" style=\"text-align: center;\"><strong>\u00a0\u201c\u0130leti\u015fim, \u0130li\u015fki Kurma ve Y\u00fcksek Etki Yaratma Becerilerinde\u201d<\/strong><\/h3>\n<h3 id=\"u3000-32\" style=\"text-align: center;\">pozitif y\u00f6nde art\u0131\u015f sa\u011flar.<\/h3>\n<\/div>\n<h3 style=\"text-align: center;\">Ayr\u0131nt\u0131l\u0131 bilgi i\u00e7in t\u0131klay\u0131n\u0131z<\/h3>\n<p>[\/vc_column_text][\/vc_tta_section][vc_tta_section i_icon_fontawesome=&#8221;fa fa-eercast&#8221; add_icon=&#8221;true&#8221; title=&#8221;KO\u00c7LUK&#8221; tab_id=&#8221;1665669885168-0a0dd240-1749&#8243;][vc_column_text]<\/p>\n<h3 style=\"text-align: center;\">Kurumsal Ko\u00e7luk<\/h3>\n<h3 style=\"text-align: center;\">Liderlik Ko\u00e7lu\u011fu<\/h3>\n<h3 style=\"text-align: center;\">Tak\u0131m Ko\u00e7lu\u011fu<\/h3>\n<h3 style=\"text-align: center;\">\u00d6\u011frenci Ko\u00e7lu\u011fu<\/h3>\n<p>[\/vc_column_text][\/vc_tta_section][vc_tta_section i_icon_fontawesome=&#8221;fa fa-eercast&#8221; add_icon=&#8221;true&#8221; title=&#8221;DANI\u015eMANLIK&#8221; tab_id=&#8221;1665670737886-2f512b86-4c82&#8243;][vc_column_text]<\/p>\n<h3 style=\"text-align: center;\">Sat\u0131\u015f Dan\u0131\u015fmanl\u0131\u011f\u0131 ve Y\u00f6netimi<\/h3>\n<p>[\/vc_column_text][\/vc_tta_section][\/vc_tta_tabs][\/vc_column][\/vc_row]<\/p>\n","protected":false},"excerpt":{"rendered":"<p>[vc_row][vc_column][\/vc_column][\/vc_row][vc_row][vc_column][vc_tta_tabs style=&#8221;modern&#8221; color=&#8221;blue&#8221; gap=&#8221;10&#8243; alignment=&#8221;center&#8221; active_section=&#8221;1&#8243;][vc_tta_section i_icon_fontawesome=&#8221;fa fa-eercast&#8221; add_icon=&#8221;true&#8221; title=&#8221;Selling To The Point\u00ae&#8221; tab_id=&#8221;1665669885151-666e2cc4-67f4&#8243;][vc_column_text] Selling to the Point\u00ae\u00a0kat\u0131l\u0131mc\u0131lar\u0131nda\u00a030% ve \u00fczeri sat\u0131\u015f art\u0131\u015f\u0131\u00a0g\u00f6zlemlenmi\u015ftir, ancak Selling to the Point\u00ae bir sat\u0131\u015f e\u011fitiminden \u00e7ok daha fazlas\u0131d\u0131r. \u00d6\u011frenme ancak ya\u015fayarak, deneyimlerle ger\u00e7ekle\u015fir, Selling to the Point\u00ae Sat\u0131\u015f E\u011fitimi, t\u00fcm kavramlar\u0131n nas\u0131l hayata ge\u00e7irelece\u011fini bir \u00e7ok vaka \u00e7al\u0131\u015fmas\u0131 ile ya\u015fatarak [&hellip;]<\/p>\n","protected":false},"author":1,"featured_media":0,"parent":0,"menu_order":0,"comment_status":"closed","ping_status":"closed","template":"page-templates\/page.php","meta":[],"yoast_head":"<!-- This site is optimized with the Yoast SEO plugin v19.8 - https:\/\/yoast.com\/wordpress\/plugins\/seo\/ -->\n<title>NE SUNUYORUZ - Virtus Idea<\/title>\n<meta name=\"robots\" content=\"index, follow, max-snippet:-1, max-image-preview:large, max-video-preview:-1\" \/>\n<link rel=\"canonical\" href=\"https:\/\/www.virtusidea.com\/index.php\/ne-sunuyoruz\/\" \/>\n<meta property=\"og:locale\" content=\"tr_TR\" \/>\n<meta property=\"og:type\" content=\"article\" \/>\n<meta property=\"og:title\" content=\"NE SUNUYORUZ - Virtus Idea\" \/>\n<meta property=\"og:description\" content=\"[vc_row][vc_column][\/vc_column][\/vc_row][vc_row][vc_column][vc_tta_tabs style=&#8221;modern&#8221; color=&#8221;blue&#8221; gap=&#8221;10&#8243; alignment=&#8221;center&#8221; active_section=&#8221;1&#8243;][vc_tta_section i_icon_fontawesome=&#8221;fa fa-eercast&#8221; add_icon=&#8221;true&#8221; title=&#8221;Selling To The Point\u00ae&#8221; tab_id=&#8221;1665669885151-666e2cc4-67f4&#8243;][vc_column_text] Selling to the Point\u00ae\u00a0kat\u0131l\u0131mc\u0131lar\u0131nda\u00a030% ve \u00fczeri sat\u0131\u015f art\u0131\u015f\u0131\u00a0g\u00f6zlemlenmi\u015ftir, ancak Selling to the Point\u00ae bir sat\u0131\u015f e\u011fitiminden \u00e7ok daha fazlas\u0131d\u0131r. \u00d6\u011frenme ancak ya\u015fayarak, deneyimlerle ger\u00e7ekle\u015fir, Selling to the Point\u00ae Sat\u0131\u015f E\u011fitimi, t\u00fcm kavramlar\u0131n nas\u0131l hayata ge\u00e7irelece\u011fini bir \u00e7ok vaka \u00e7al\u0131\u015fmas\u0131 ile ya\u015fatarak [&hellip;]\" \/>\n<meta property=\"og:url\" content=\"https:\/\/www.virtusidea.com\/index.php\/ne-sunuyoruz\/\" \/>\n<meta property=\"og:site_name\" content=\"Virtus Idea\" \/>\n<meta property=\"article:modified_time\" content=\"2022-10-13T14:26:47+00:00\" \/>\n<meta name=\"twitter:card\" content=\"summary_large_image\" \/>\n<meta name=\"twitter:label1\" content=\"Tahmini okuma s\u00fcresi\" \/>\n\t<meta name=\"twitter:data1\" content=\"2 dakika\" \/>\n<script type=\"application\/ld+json\" class=\"yoast-schema-graph\">{\"@context\":\"https:\/\/schema.org\",\"@graph\":[{\"@type\":\"WebPage\",\"@id\":\"https:\/\/www.virtusidea.com\/index.php\/ne-sunuyoruz\/\",\"url\":\"https:\/\/www.virtusidea.com\/index.php\/ne-sunuyoruz\/\",\"name\":\"NE SUNUYORUZ - Virtus Idea\",\"isPartOf\":{\"@id\":\"https:\/\/www.virtusidea.com\/#website\"},\"datePublished\":\"2019-01-15T04:27:58+00:00\",\"dateModified\":\"2022-10-13T14:26:47+00:00\",\"breadcrumb\":{\"@id\":\"https:\/\/www.virtusidea.com\/index.php\/ne-sunuyoruz\/#breadcrumb\"},\"inLanguage\":\"tr\",\"potentialAction\":[{\"@type\":\"ReadAction\",\"target\":[\"https:\/\/www.virtusidea.com\/index.php\/ne-sunuyoruz\/\"]}]},{\"@type\":\"BreadcrumbList\",\"@id\":\"https:\/\/www.virtusidea.com\/index.php\/ne-sunuyoruz\/#breadcrumb\",\"itemListElement\":[{\"@type\":\"ListItem\",\"position\":1,\"name\":\"Anasayfa\",\"item\":\"https:\/\/www.virtusidea.com\/\"},{\"@type\":\"ListItem\",\"position\":2,\"name\":\"NE SUNUYORUZ\"}]},{\"@type\":\"WebSite\",\"@id\":\"https:\/\/www.virtusidea.com\/#website\",\"url\":\"https:\/\/www.virtusidea.com\/\",\"name\":\"Virtus Idea\",\"description\":\"M&uuml;\u015fterilerinizin Karar Ko&ccedil;u Olun! - Be Your Customers Decision Coach!\",\"publisher\":{\"@id\":\"https:\/\/www.virtusidea.com\/#organization\"},\"potentialAction\":[{\"@type\":\"SearchAction\",\"target\":{\"@type\":\"EntryPoint\",\"urlTemplate\":\"https:\/\/www.virtusidea.com\/?s={search_term_string}\"},\"query-input\":\"required name=search_term_string\"}],\"inLanguage\":\"tr\"},{\"@type\":\"Organization\",\"@id\":\"https:\/\/www.virtusidea.com\/#organization\",\"name\":\"Virtus Idea\",\"url\":\"https:\/\/www.virtusidea.com\/\",\"sameAs\":[],\"logo\":{\"@type\":\"ImageObject\",\"inLanguage\":\"tr\",\"@id\":\"https:\/\/www.virtusidea.com\/#\/schema\/logo\/image\/\",\"url\":\"https:\/\/www.virtusidea.com\/wp-content\/uploads\/2022\/10\/logo-yeni-01-1.png\",\"contentUrl\":\"https:\/\/www.virtusidea.com\/wp-content\/uploads\/2022\/10\/logo-yeni-01-1.png\",\"width\":160,\"height\":56,\"caption\":\"Virtus Idea\"},\"image\":{\"@id\":\"https:\/\/www.virtusidea.com\/#\/schema\/logo\/image\/\"}}]}<\/script>\n<!-- \/ Yoast SEO plugin. -->","yoast_head_json":{"title":"NE SUNUYORUZ - Virtus Idea","robots":{"index":"index","follow":"follow","max-snippet":"max-snippet:-1","max-image-preview":"max-image-preview:large","max-video-preview":"max-video-preview:-1"},"canonical":"https:\/\/www.virtusidea.com\/index.php\/ne-sunuyoruz\/","og_locale":"tr_TR","og_type":"article","og_title":"NE SUNUYORUZ - Virtus Idea","og_description":"[vc_row][vc_column][\/vc_column][\/vc_row][vc_row][vc_column][vc_tta_tabs style=&#8221;modern&#8221; color=&#8221;blue&#8221; gap=&#8221;10&#8243; alignment=&#8221;center&#8221; active_section=&#8221;1&#8243;][vc_tta_section i_icon_fontawesome=&#8221;fa fa-eercast&#8221; add_icon=&#8221;true&#8221; title=&#8221;Selling To The Point\u00ae&#8221; tab_id=&#8221;1665669885151-666e2cc4-67f4&#8243;][vc_column_text] Selling to the Point\u00ae\u00a0kat\u0131l\u0131mc\u0131lar\u0131nda\u00a030% ve \u00fczeri sat\u0131\u015f art\u0131\u015f\u0131\u00a0g\u00f6zlemlenmi\u015ftir, ancak Selling to the Point\u00ae bir sat\u0131\u015f e\u011fitiminden \u00e7ok daha fazlas\u0131d\u0131r. \u00d6\u011frenme ancak ya\u015fayarak, deneyimlerle ger\u00e7ekle\u015fir, Selling to the Point\u00ae Sat\u0131\u015f E\u011fitimi, t\u00fcm kavramlar\u0131n nas\u0131l hayata ge\u00e7irelece\u011fini bir \u00e7ok vaka \u00e7al\u0131\u015fmas\u0131 ile ya\u015fatarak [&hellip;]","og_url":"https:\/\/www.virtusidea.com\/index.php\/ne-sunuyoruz\/","og_site_name":"Virtus Idea","article_modified_time":"2022-10-13T14:26:47+00:00","twitter_card":"summary_large_image","twitter_misc":{"Tahmini okuma s\u00fcresi":"2 dakika"},"schema":{"@context":"https:\/\/schema.org","@graph":[{"@type":"WebPage","@id":"https:\/\/www.virtusidea.com\/index.php\/ne-sunuyoruz\/","url":"https:\/\/www.virtusidea.com\/index.php\/ne-sunuyoruz\/","name":"NE SUNUYORUZ - Virtus Idea","isPartOf":{"@id":"https:\/\/www.virtusidea.com\/#website"},"datePublished":"2019-01-15T04:27:58+00:00","dateModified":"2022-10-13T14:26:47+00:00","breadcrumb":{"@id":"https:\/\/www.virtusidea.com\/index.php\/ne-sunuyoruz\/#breadcrumb"},"inLanguage":"tr","potentialAction":[{"@type":"ReadAction","target":["https:\/\/www.virtusidea.com\/index.php\/ne-sunuyoruz\/"]}]},{"@type":"BreadcrumbList","@id":"https:\/\/www.virtusidea.com\/index.php\/ne-sunuyoruz\/#breadcrumb","itemListElement":[{"@type":"ListItem","position":1,"name":"Anasayfa","item":"https:\/\/www.virtusidea.com\/"},{"@type":"ListItem","position":2,"name":"NE SUNUYORUZ"}]},{"@type":"WebSite","@id":"https:\/\/www.virtusidea.com\/#website","url":"https:\/\/www.virtusidea.com\/","name":"Virtus Idea","description":"M&uuml;\u015fterilerinizin Karar Ko&ccedil;u Olun! - Be Your Customers Decision Coach!","publisher":{"@id":"https:\/\/www.virtusidea.com\/#organization"},"potentialAction":[{"@type":"SearchAction","target":{"@type":"EntryPoint","urlTemplate":"https:\/\/www.virtusidea.com\/?s={search_term_string}"},"query-input":"required name=search_term_string"}],"inLanguage":"tr"},{"@type":"Organization","@id":"https:\/\/www.virtusidea.com\/#organization","name":"Virtus Idea","url":"https:\/\/www.virtusidea.com\/","sameAs":[],"logo":{"@type":"ImageObject","inLanguage":"tr","@id":"https:\/\/www.virtusidea.com\/#\/schema\/logo\/image\/","url":"https:\/\/www.virtusidea.com\/wp-content\/uploads\/2022\/10\/logo-yeni-01-1.png","contentUrl":"https:\/\/www.virtusidea.com\/wp-content\/uploads\/2022\/10\/logo-yeni-01-1.png","width":160,"height":56,"caption":"Virtus Idea"},"image":{"@id":"https:\/\/www.virtusidea.com\/#\/schema\/logo\/image\/"}}]}},"_links":{"self":[{"href":"https:\/\/www.virtusidea.com\/index.php\/wp-json\/wp\/v2\/pages\/333"}],"collection":[{"href":"https:\/\/www.virtusidea.com\/index.php\/wp-json\/wp\/v2\/pages"}],"about":[{"href":"https:\/\/www.virtusidea.com\/index.php\/wp-json\/wp\/v2\/types\/page"}],"author":[{"embeddable":true,"href":"https:\/\/www.virtusidea.com\/index.php\/wp-json\/wp\/v2\/users\/1"}],"replies":[{"embeddable":true,"href":"https:\/\/www.virtusidea.com\/index.php\/wp-json\/wp\/v2\/comments?post=333"}],"version-history":[{"count":14,"href":"https:\/\/www.virtusidea.com\/index.php\/wp-json\/wp\/v2\/pages\/333\/revisions"}],"predecessor-version":[{"id":648,"href":"https:\/\/www.virtusidea.com\/index.php\/wp-json\/wp\/v2\/pages\/333\/revisions\/648"}],"wp:attachment":[{"href":"https:\/\/www.virtusidea.com\/index.php\/wp-json\/wp\/v2\/media?parent=333"}],"curies":[{"name":"wp","href":"https:\/\/api.w.org\/{rel}","templated":true}]}}