{"id":473,"date":"2019-01-22T09:18:09","date_gmt":"2019-01-22T09:18:09","guid":{"rendered":"http:\/\/shtheme.com\/demosd\/interiorarc\/?page_id=473"},"modified":"2023-11-14T08:03:02","modified_gmt":"2023-11-14T08:03:02","slug":"iletisim","status":"publish","type":"page","link":"https:\/\/www.virtusidea.com\/index.php\/iletisim\/","title":{"rendered":"\u0130LET\u0130\u015e\u0130M"},"content":{"rendered":"<p>[vc_row type_row=&#8221;contact_page&#8221;][vc_column width=&#8221;1\/2&#8243; type=&#8221;contact_page_info&#8221; title=&#8221;\u0130leti\u015fim Bilgileri&#8221;]    \n        <div class=\"col-sm-6\">\n            <h3>Virtus Idea<\/h3>\n            <img src=\"\" alt=\"\" \/>\n            <ul class=\"full-contact\">\n                                <li><i class=\"fa fa-map\" aria-hidden=\"true\"><\/i> Workinton Lotus Ni\u015fanta\u015f\u0131 Halaskargazi Cd. No: 38-66 \u015ei\u015fli \u0130stanbul <\/li>\n                                                <li><i class=\"fa fa-phone\" aria-hidden=\"true\"><\/i> + 90 212 939 08 59<\/li>\n                                                <li><i class=\"fa fa-envelope-o\" aria-hidden=\"true\"><\/i> iletisim@virtusidea.com<\/li>\n                                            <\/ul>\n        <\/div>\n\n    \n        <div class=\"col-sm-6\">\n            <h3>Selling to the Point\u00ae - Genel Merkez<\/h3>\n            <img src=\"https:\/\/www.virtusidea.com\/wp-content\/uploads\/2022\/10\/iletisimsttp-02.jpg\" alt=\"\" \/>\n            <ul class=\"full-contact\">\n                                <li><i class=\"fa fa-map\" aria-hidden=\"true\"><\/i> LLC P.O.Box 1812 Pacific Palisades, CA 90272  <\/li>\n                                                <li><i class=\"fa fa-phone\" aria-hidden=\"true\"><\/i> + 001 - 831 350 0148<\/li>\n                                                <li><i class=\"fa fa-envelope-o\" aria-hidden=\"true\"><\/i> info@sellingtothepoint.com<\/li>\n                                            <\/ul>\n        <\/div>\n\n[\/vc_column][vc_column width=&#8221;1\/2&#8243;]    \n                    \n        <div class=\"col-sm-12 col-md-5\">\n            <div class=\"sec-title\">\n                <h2>Bizimle \u0130leti\u015fime Ge\u00e7ebilirsiniz<\/h2>\n                <span class=\"hdline\"><\/span>\n            <\/div>\n            <div role=\"form\" class=\"wpcf7\" id=\"wpcf7-f472-o1\" lang=\"en-US\" dir=\"ltr\">\n<div class=\"screen-reader-response\"><p role=\"status\" aria-live=\"polite\" aria-atomic=\"true\"><\/p> <ul><\/ul><\/div>\n<form action=\"\/index.php\/wp-json\/wp\/v2\/pages\/473#wpcf7-f472-o1\" method=\"post\" class=\"wpcf7-form init\" novalidate=\"novalidate\" data-status=\"init\">\n<div style=\"display: none;\">\n<input type=\"hidden\" name=\"_wpcf7\" value=\"472\" \/>\n<input type=\"hidden\" name=\"_wpcf7_version\" value=\"5.6.3\" \/>\n<input type=\"hidden\" name=\"_wpcf7_locale\" value=\"en_US\" \/>\n<input type=\"hidden\" name=\"_wpcf7_unit_tag\" value=\"wpcf7-f472-o1\" \/>\n<input type=\"hidden\" name=\"_wpcf7_container_post\" value=\"0\" \/>\n<input type=\"hidden\" name=\"_wpcf7_posted_data_hash\" value=\"\" \/>\n<\/div>\n<div method=\"post\" id=\"contact-form\" class=\"contact-form\" novalidate=\"novalidate\">\n<div class=\"row clearfix\">\n<div class=\"col-md-12\">\n<div class=\"form-group\">\n                            <span class=\"wpcf7-form-control-wrap\" data-name=\"your-name\"><input type=\"text\" name=\"your-name\" value=\"\" size=\"40\" class=\"wpcf7-form-control wpcf7-text wpcf7-validates-as-required\" aria-required=\"true\" aria-invalid=\"false\" placeholder=\"Ad Soyad \/ Name Surname*\" \/><\/span>\n                        <\/div>\n<\/div>\n<div class=\"col-md-12\">\n<div class=\"form-group\">\n                            <span class=\"wpcf7-form-control-wrap\" data-name=\"your-email\"><input type=\"email\" name=\"your-email\" value=\"\" size=\"40\" class=\"wpcf7-form-control wpcf7-text wpcf7-email wpcf7-validates-as-required wpcf7-validates-as-email\" aria-required=\"true\" aria-invalid=\"false\" placeholder=\"Eposta \/ Email*\" \/><\/span>\n                        <\/div>\n<\/div>\n<div class=\"col-md-12\">\n<div class=\"form-group\">\n                            <span class=\"wpcf7-form-control-wrap\" data-name=\"your-phone\"><input type=\"text\" name=\"your-phone\" value=\"\" size=\"40\" class=\"wpcf7-form-control wpcf7-text wpcf7-validates-as-required\" aria-required=\"true\" aria-invalid=\"false\" placeholder=\"Telefon \/ Telephone*\" \/><\/span>\n                        <\/div>\n<\/div>\n<div class=\"col-md-12\">\n<div class=\"form-group\">\n                            <span class=\"wpcf7-form-control-wrap\" data-name=\"your-message\"><textarea name=\"your-message\" cols=\"40\" rows=\"10\" class=\"wpcf7-form-control wpcf7-textarea wpcf7-validates-as-required\" aria-required=\"true\" aria-invalid=\"false\" placeholder=\"Mesaj \/ Message\"><\/textarea><\/span>\n                        <\/div>\n<div class=\"overbtn\">\n                            <input type=\"submit\" value=\"G\u00d6NDER \/ SEND\" class=\"wpcf7-form-control has-spinner wpcf7-submit btn-style1\" \/>\n                        <\/div>\n<div class=\"contact-form-message\"><\/div>\n<\/div>\n<\/div>\n<\/div>\n<div class=\"wpcf7-response-output\" aria-hidden=\"true\"><\/div><\/form><\/div> \n        <\/div>\n\n[\/vc_column][\/vc_row][vc_row][vc_column][vc_separator el_width=&#8221;50&#8243;][\/vc_column][\/vc_row][vc_row type_row=&#8221;our_client&#8221;][vc_column]    \n         \n    <div class=\"image-box\">\n        <a href=\"\"><img src=\"https:\/\/www.virtusidea.com\/wp-content\/uploads\/2022\/10\/teb-795x536-1.png\" alt=\"\"><\/a>\n    <\/div>\n\n    \n         \n    <div class=\"image-box\">\n        <a href=\"\"><img src=\"https:\/\/www.virtusidea.com\/wp-content\/uploads\/2022\/10\/tat-792x544-1.jpg\" alt=\"\"><\/a>\n    <\/div>\n\n    \n         \n    <div class=\"image-box\">\n        <a href=\"\"><img src=\"https:\/\/www.virtusidea.com\/wp-content\/uploads\/2022\/10\/tansas.png\" alt=\"\"><\/a>\n    <\/div>\n\n    \n         \n    <div class=\"image-box\">\n        <a href=\"\"><img src=\"https:\/\/www.virtusidea.com\/wp-content\/uploads\/2022\/10\/starbucks-544x544-1.png\" alt=\"\"><\/a>\n    <\/div>\n\n    \n         \n    <div class=\"image-box\">\n        <a href=\"\"><img src=\"https:\/\/www.virtusidea.com\/wp-content\/uploads\/2022\/10\/sutas-725x544-1.jpg\" alt=\"\"><\/a>\n    <\/div>\n\n    \n         \n    <div class=\"image-box\">\n        <a href=\"\"><img src=\"https:\/\/www.virtusidea.com\/wp-content\/uploads\/2022\/10\/Sony-Ericsson-logo-731x544-1.png\" alt=\"\"><\/a>\n    <\/div>\n\n    \n         \n    <div class=\"image-box\">\n        <a href=\"\"><img src=\"https:\/\/www.virtusidea.com\/wp-content\/uploads\/2022\/10\/sevenhill.jpg\" alt=\"\"><\/a>\n    <\/div>\n\n    \n         \n    <div class=\"image-box\">\n        <a href=\"\"><img src=\"https:\/\/www.virtusidea.com\/wp-content\/uploads\/2022\/10\/seat.jpg\" alt=\"\"><\/a>\n    <\/div>\n\n    \n         \n    <div class=\"image-box\">\n        <a href=\"\"><img src=\"https:\/\/www.virtusidea.com\/wp-content\/uploads\/2022\/10\/schneider-electric-logo-795x341-1.gif\" alt=\"\"><\/a>\n    <\/div>\n\n    \n         \n    <div class=\"image-box\">\n        <a href=\"\"><img src=\"https:\/\/www.virtusidea.com\/wp-content\/uploads\/2022\/10\/scania-795x371-1.jpg\" alt=\"\"><\/a>\n    <\/div>\n\n    \n         \n    <div class=\"image-box\">\n        <a href=\"\"><img src=\"https:\/\/www.virtusidea.com\/wp-content\/uploads\/2022\/10\/sca.jpg\" alt=\"\"><\/a>\n    <\/div>\n\n    \n         \n    <div class=\"image-box\">\n        <a href=\"\"><img src=\"https:\/\/www.virtusidea.com\/wp-content\/uploads\/2022\/10\/sandvik.png\" alt=\"\"><\/a>\n    <\/div>\n\n    \n         \n    <div class=\"image-box\">\n        <a href=\"\"><img src=\"https:\/\/www.virtusidea.com\/wp-content\/uploads\/2022\/10\/royal-canin-795x241-1.png\" alt=\"\"><\/a>\n    <\/div>\n\n    \n         \n    <div class=\"image-box\">\n        <a href=\"\"><img src=\"https:\/\/www.virtusidea.com\/wp-content\/uploads\/2022\/10\/red-bull.png\" alt=\"\"><\/a>\n    <\/div>\n\n    \n         \n    <div class=\"image-box\">\n        <a href=\"\"><img src=\"https:\/\/www.virtusidea.com\/wp-content\/uploads\/2022\/10\/roche-795x430-1.png\" alt=\"\"><\/a>\n    <\/div>\n\n    \n         \n    <div class=\"image-box\">\n        <a href=\"\"><img src=\"https:\/\/www.virtusidea.com\/wp-content\/uploads\/2022\/10\/Loreal-795x447-1.jpg\" alt=\"\"><\/a>\n    <\/div>\n\n    \n         \n    <div class=\"image-box\">\n        <a href=\"\"><img src=\"https:\/\/www.virtusidea.com\/wp-content\/uploads\/2022\/10\/logo-shell-455x544-1.png\" alt=\"\"><\/a>\n    <\/div>\n\n    \n         \n    <div class=\"image-box\">\n        <a href=\"\"><img src=\"https:\/\/www.virtusidea.com\/wp-content\/uploads\/2022\/10\/Koc-Universitesi.jpg\" alt=\"\"><\/a>\n    <\/div>\n\n    \n         \n    <div class=\"image-box\">\n        <a href=\"\"><img src=\"https:\/\/www.virtusidea.com\/wp-content\/uploads\/2022\/10\/koc.png\" alt=\"\"><\/a>\n    <\/div>\n\n    \n         \n    <div class=\"image-box\">\n        <a href=\"\"><img src=\"https:\/\/www.virtusidea.com\/wp-content\/uploads\/2022\/10\/Kale-Seramik-544x544-1.jpg\" alt=\"\"><\/a>\n    <\/div>\n\n    \n         \n    <div class=\"image-box\">\n        <a href=\"\"><img src=\"https:\/\/www.virtusidea.com\/wp-content\/uploads\/2022\/10\/pfizer-logo-795x470-1.png\" alt=\"\"><\/a>\n    <\/div>\n\n[\/vc_column][\/vc_row]<\/p>\n","protected":false},"excerpt":{"rendered":"<p>[vc_row type_row=&#8221;contact_page&#8221;][vc_column width=&#8221;1\/2&#8243; type=&#8221;contact_page_info&#8221; title=&#8221;\u0130leti\u015fim Bilgileri&#8221;][\/vc_column][vc_column width=&#8221;1\/2&#8243;][\/vc_column][\/vc_row][vc_row][vc_column][vc_separator el_width=&#8221;50&#8243;][\/vc_column][\/vc_row][vc_row type_row=&#8221;our_client&#8221;][vc_column][\/vc_column][\/vc_row]<\/p>\n","protected":false},"author":1,"featured_media":0,"parent":0,"menu_order":0,"comment_status":"closed","ping_status":"closed","template":"page-templates\/page.php","meta":[],"yoast_head":"<!-- This site is optimized with the Yoast SEO plugin v19.8 - https:\/\/yoast.com\/wordpress\/plugins\/seo\/ -->\n<title>\u0130LET\u0130\u015e\u0130M - Virtus Idea<\/title>\n<meta name=\"robots\" content=\"index, follow, max-snippet:-1, max-image-preview:large, max-video-preview:-1\" \/>\n<link rel=\"canonical\" href=\"https:\/\/www.virtusidea.com\/index.php\/iletisim\/\" \/>\n<meta property=\"og:locale\" content=\"tr_TR\" \/>\n<meta property=\"og:type\" content=\"article\" \/>\n<meta property=\"og:title\" content=\"\u0130LET\u0130\u015e\u0130M - Virtus Idea\" \/>\n<meta property=\"og:description\" content=\"[vc_row type_row=&#8221;contact_page&#8221;][vc_column width=&#8221;1\/2&#8243; type=&#8221;contact_page_info&#8221; title=&#8221;\u0130leti\u015fim Bilgileri&#8221;][\/vc_column][vc_column width=&#8221;1\/2&#8243;][\/vc_column][\/vc_row][vc_row][vc_column][vc_separator el_width=&#8221;50&#8243;][\/vc_column][\/vc_row][vc_row type_row=&#8221;our_client&#8221;][vc_column][\/vc_column][\/vc_row]\" \/>\n<meta property=\"og:url\" content=\"https:\/\/www.virtusidea.com\/index.php\/iletisim\/\" \/>\n<meta property=\"og:site_name\" content=\"Virtus Idea\" \/>\n<meta property=\"article:modified_time\" content=\"2023-11-14T08:03:02+00:00\" \/>\n<meta name=\"twitter:card\" content=\"summary_large_image\" \/>\n<meta name=\"twitter:label1\" content=\"Tahmini okuma s\u00fcresi\" \/>\n\t<meta name=\"twitter:data1\" content=\"1 dakika\" \/>\n<script type=\"application\/ld+json\" class=\"yoast-schema-graph\">{\"@context\":\"https:\/\/schema.org\",\"@graph\":[{\"@type\":\"WebPage\",\"@id\":\"https:\/\/www.virtusidea.com\/index.php\/iletisim\/\",\"url\":\"https:\/\/www.virtusidea.com\/index.php\/iletisim\/\",\"name\":\"\u0130LET\u0130\u015e\u0130M - Virtus Idea\",\"isPartOf\":{\"@id\":\"https:\/\/www.virtusidea.com\/#website\"},\"datePublished\":\"2019-01-22T09:18:09+00:00\",\"dateModified\":\"2023-11-14T08:03:02+00:00\",\"breadcrumb\":{\"@id\":\"https:\/\/www.virtusidea.com\/index.php\/iletisim\/#breadcrumb\"},\"inLanguage\":\"tr\",\"potentialAction\":[{\"@type\":\"ReadAction\",\"target\":[\"https:\/\/www.virtusidea.com\/index.php\/iletisim\/\"]}]},{\"@type\":\"BreadcrumbList\",\"@id\":\"https:\/\/www.virtusidea.com\/index.php\/iletisim\/#breadcrumb\",\"itemListElement\":[{\"@type\":\"ListItem\",\"position\":1,\"name\":\"Anasayfa\",\"item\":\"https:\/\/www.virtusidea.com\/\"},{\"@type\":\"ListItem\",\"position\":2,\"name\":\"\u0130LET\u0130\u015e\u0130M\"}]},{\"@type\":\"WebSite\",\"@id\":\"https:\/\/www.virtusidea.com\/#website\",\"url\":\"https:\/\/www.virtusidea.com\/\",\"name\":\"Virtus Idea\",\"description\":\"M&uuml;\u015fterilerinizin Karar Ko&ccedil;u Olun! - Be Your Customers Decision Coach!\",\"publisher\":{\"@id\":\"https:\/\/www.virtusidea.com\/#organization\"},\"potentialAction\":[{\"@type\":\"SearchAction\",\"target\":{\"@type\":\"EntryPoint\",\"urlTemplate\":\"https:\/\/www.virtusidea.com\/?s={search_term_string}\"},\"query-input\":\"required name=search_term_string\"}],\"inLanguage\":\"tr\"},{\"@type\":\"Organization\",\"@id\":\"https:\/\/www.virtusidea.com\/#organization\",\"name\":\"Virtus Idea\",\"url\":\"https:\/\/www.virtusidea.com\/\",\"sameAs\":[],\"logo\":{\"@type\":\"ImageObject\",\"inLanguage\":\"tr\",\"@id\":\"https:\/\/www.virtusidea.com\/#\/schema\/logo\/image\/\",\"url\":\"https:\/\/www.virtusidea.com\/wp-content\/uploads\/2022\/10\/logo-yeni-01-1.png\",\"contentUrl\":\"https:\/\/www.virtusidea.com\/wp-content\/uploads\/2022\/10\/logo-yeni-01-1.png\",\"width\":160,\"height\":56,\"caption\":\"Virtus Idea\"},\"image\":{\"@id\":\"https:\/\/www.virtusidea.com\/#\/schema\/logo\/image\/\"}}]}<\/script>\n<!-- \/ Yoast SEO plugin. -->","yoast_head_json":{"title":"\u0130LET\u0130\u015e\u0130M - Virtus Idea","robots":{"index":"index","follow":"follow","max-snippet":"max-snippet:-1","max-image-preview":"max-image-preview:large","max-video-preview":"max-video-preview:-1"},"canonical":"https:\/\/www.virtusidea.com\/index.php\/iletisim\/","og_locale":"tr_TR","og_type":"article","og_title":"\u0130LET\u0130\u015e\u0130M - Virtus Idea","og_description":"[vc_row type_row=&#8221;contact_page&#8221;][vc_column width=&#8221;1\/2&#8243; type=&#8221;contact_page_info&#8221; title=&#8221;\u0130leti\u015fim Bilgileri&#8221;][\/vc_column][vc_column width=&#8221;1\/2&#8243;][\/vc_column][\/vc_row][vc_row][vc_column][vc_separator el_width=&#8221;50&#8243;][\/vc_column][\/vc_row][vc_row type_row=&#8221;our_client&#8221;][vc_column][\/vc_column][\/vc_row]","og_url":"https:\/\/www.virtusidea.com\/index.php\/iletisim\/","og_site_name":"Virtus Idea","article_modified_time":"2023-11-14T08:03:02+00:00","twitter_card":"summary_large_image","twitter_misc":{"Tahmini okuma s\u00fcresi":"1 dakika"},"schema":{"@context":"https:\/\/schema.org","@graph":[{"@type":"WebPage","@id":"https:\/\/www.virtusidea.com\/index.php\/iletisim\/","url":"https:\/\/www.virtusidea.com\/index.php\/iletisim\/","name":"\u0130LET\u0130\u015e\u0130M - Virtus Idea","isPartOf":{"@id":"https:\/\/www.virtusidea.com\/#website"},"datePublished":"2019-01-22T09:18:09+00:00","dateModified":"2023-11-14T08:03:02+00:00","breadcrumb":{"@id":"https:\/\/www.virtusidea.com\/index.php\/iletisim\/#breadcrumb"},"inLanguage":"tr","potentialAction":[{"@type":"ReadAction","target":["https:\/\/www.virtusidea.com\/index.php\/iletisim\/"]}]},{"@type":"BreadcrumbList","@id":"https:\/\/www.virtusidea.com\/index.php\/iletisim\/#breadcrumb","itemListElement":[{"@type":"ListItem","position":1,"name":"Anasayfa","item":"https:\/\/www.virtusidea.com\/"},{"@type":"ListItem","position":2,"name":"\u0130LET\u0130\u015e\u0130M"}]},{"@type":"WebSite","@id":"https:\/\/www.virtusidea.com\/#website","url":"https:\/\/www.virtusidea.com\/","name":"Virtus Idea","description":"M&uuml;\u015fterilerinizin Karar Ko&ccedil;u Olun! - Be Your Customers Decision Coach!","publisher":{"@id":"https:\/\/www.virtusidea.com\/#organization"},"potentialAction":[{"@type":"SearchAction","target":{"@type":"EntryPoint","urlTemplate":"https:\/\/www.virtusidea.com\/?s={search_term_string}"},"query-input":"required name=search_term_string"}],"inLanguage":"tr"},{"@type":"Organization","@id":"https:\/\/www.virtusidea.com\/#organization","name":"Virtus Idea","url":"https:\/\/www.virtusidea.com\/","sameAs":[],"logo":{"@type":"ImageObject","inLanguage":"tr","@id":"https:\/\/www.virtusidea.com\/#\/schema\/logo\/image\/","url":"https:\/\/www.virtusidea.com\/wp-content\/uploads\/2022\/10\/logo-yeni-01-1.png","contentUrl":"https:\/\/www.virtusidea.com\/wp-content\/uploads\/2022\/10\/logo-yeni-01-1.png","width":160,"height":56,"caption":"Virtus Idea"},"image":{"@id":"https:\/\/www.virtusidea.com\/#\/schema\/logo\/image\/"}}]}},"_links":{"self":[{"href":"https:\/\/www.virtusidea.com\/index.php\/wp-json\/wp\/v2\/pages\/473"}],"collection":[{"href":"https:\/\/www.virtusidea.com\/index.php\/wp-json\/wp\/v2\/pages"}],"about":[{"href":"https:\/\/www.virtusidea.com\/index.php\/wp-json\/wp\/v2\/types\/page"}],"author":[{"embeddable":true,"href":"https:\/\/www.virtusidea.com\/index.php\/wp-json\/wp\/v2\/users\/1"}],"replies":[{"embeddable":true,"href":"https:\/\/www.virtusidea.com\/index.php\/wp-json\/wp\/v2\/comments?post=473"}],"version-history":[{"count":29,"href":"https:\/\/www.virtusidea.com\/index.php\/wp-json\/wp\/v2\/pages\/473\/revisions"}],"predecessor-version":[{"id":1056,"href":"https:\/\/www.virtusidea.com\/index.php\/wp-json\/wp\/v2\/pages\/473\/revisions\/1056"}],"wp:attachment":[{"href":"https:\/\/www.virtusidea.com\/index.php\/wp-json\/wp\/v2\/media?parent=473"}],"curies":[{"name":"wp","href":"https:\/\/api.w.org\/{rel}","templated":true}]}}