{"id":821,"date":"2022-10-16T17:52:46","date_gmt":"2022-10-16T17:52:46","guid":{"rendered":"http:\/\/www.virtusidea.com\/?page_id=821"},"modified":"2022-10-16T17:55:36","modified_gmt":"2022-10-16T17:55:36","slug":"kocluk-hizmetlerimiz","status":"publish","type":"page","link":"https:\/\/www.virtusidea.com\/index.php\/kocluk-hizmetlerimiz\/","title":{"rendered":"KO\u00c7LUK H\u0130ZMETLER\u0130M\u0130Z"},"content":{"rendered":"<p>[vc_row][vc_column]    \n    <section class=\"page-title\" style=\"background-image: url(https:\/\/www.virtusidea.com\/wp-content\/uploads\/2022\/10\/aisle-blur-scaled.jpg); background-size: cover;\">\n            <div class=\"container\">\n                <div class=\"row\">\n                    <div class=\"col-xs-12\">\n                        <h2>KO\u00c7LUK H\u0130ZMETLER\u0130M\u0130Z<\/h2>\n                        <ol class=\"breadcrumb\">\n                            <li><a href=\"https:\/\/www.virtusidea.com\/\">H\u0130ZMETLER\u0130M\u0130Z<\/a><\/li>\n                            <li>KO\u00c7LUK H\u0130ZMETLER\u0130M\u0130Z<\/li>\n                        <\/ol>\n                    <\/div>\n                <\/div>\n            <\/div>\n    <\/section>\n\n[\/vc_column][\/vc_row][vc_row][vc_column][vc_empty_space][vc_tta_tour style=&#8221;modern&#8221; spacing=&#8221;2&#8243; gap=&#8221;2&#8243; active_section=&#8221;1&#8243; css=&#8221;.vc_custom_1665942198422{margin-right: 50px !important;margin-left: 50px !important;}&#8221;][vc_tta_section title=&#8221;KO\u00c7LUK H\u0130ZMETLER\u0130M\u0130Z&#8221; tab_id=&#8221;1665940283980-98bd831e-1aa0&#8243;][vc_column_text css=&#8221;.vc_custom_1665942764606{background-color: #ffffff !important;}&#8221;]<\/p>\n<h4 style=\"text-align: center;\">Firmalara <strong>\u00dcst D\u00fczey Y\u00f6netici Ko\u00e7lu\u011fu<\/strong> ve <strong>Sat\u0131\u015fa \u00d6zel Liderlik Ko\u00e7lu\u011fu<\/strong> ve <strong>Mentorluk<\/strong> hizmeti sunmaktay\u0131z.<\/h4>\n<h4 style=\"text-align: center;\"><\/h4>\n<h4 style=\"text-align: center;\">Erdem Erol\u2019un <strong>ICF <\/strong>(Uluslararas\u0131 Ko\u00e7luk Federasyonu) onayl\u0131 <strong>PCC\u00a0 ACPC <\/strong>ve Adler Trained Coach (<strong>ATC<\/strong>) Profesyonel Ko\u00e7luk Lisans\u0131 bulunmaktad\u0131r.<\/h4>\n<p>&nbsp;<\/p>\n<p><img loading=\"lazy\" class=\" wp-image-822 aligncenter\" src=\"http:\/\/www.virtusidea.com\/wp-content\/uploads\/2022\/10\/Resim5-300x292.jpg\" alt=\"\" width=\"162\" height=\"158\" srcset=\"https:\/\/www.virtusidea.com\/wp-content\/uploads\/2022\/10\/Resim5-300x292.jpg 300w, https:\/\/www.virtusidea.com\/wp-content\/uploads\/2022\/10\/Resim5.jpg 401w\" sizes=\"(max-width: 162px) 100vw, 162px\" \/>[\/vc_column_text][\/vc_tta_section][\/vc_tta_tour][\/vc_column][\/vc_row]<\/p>\n","protected":false},"excerpt":{"rendered":"<p>[vc_row][vc_column][\/vc_column][\/vc_row][vc_row][vc_column][vc_empty_space][vc_tta_tour style=&#8221;modern&#8221; spacing=&#8221;2&#8243; gap=&#8221;2&#8243; active_section=&#8221;1&#8243; css=&#8221;.vc_custom_1665942198422{margin-right: 50px !important;margin-left: 50px !important;}&#8221;][vc_tta_section title=&#8221;KO\u00c7LUK H\u0130ZMETLER\u0130M\u0130Z&#8221; tab_id=&#8221;1665940283980-98bd831e-1aa0&#8243;][vc_column_text css=&#8221;.vc_custom_1665942764606{background-color: #ffffff !important;}&#8221;] Firmalara \u00dcst D\u00fczey Y\u00f6netici Ko\u00e7lu\u011fu ve Sat\u0131\u015fa \u00d6zel Liderlik Ko\u00e7lu\u011fu ve Mentorluk hizmeti sunmaktay\u0131z. Erdem Erol\u2019un ICF (Uluslararas\u0131 Ko\u00e7luk Federasyonu) onayl\u0131 PCC\u00a0 ACPC ve Adler Trained Coach (ATC) Profesyonel Ko\u00e7luk Lisans\u0131 bulunmaktad\u0131r. &nbsp; [\/vc_column_text][\/vc_tta_section][\/vc_tta_tour][\/vc_column][\/vc_row]<\/p>\n","protected":false},"author":1,"featured_media":0,"parent":0,"menu_order":0,"comment_status":"closed","ping_status":"closed","template":"page-templates\/page.php","meta":[],"yoast_head":"<!-- This site is optimized with the Yoast SEO plugin v19.8 - https:\/\/yoast.com\/wordpress\/plugins\/seo\/ -->\n<title>KO\u00c7LUK H\u0130ZMETLER\u0130M\u0130Z - Virtus Idea<\/title>\n<meta name=\"robots\" content=\"index, follow, max-snippet:-1, max-image-preview:large, max-video-preview:-1\" \/>\n<link rel=\"canonical\" href=\"https:\/\/www.virtusidea.com\/index.php\/kocluk-hizmetlerimiz\/\" \/>\n<meta property=\"og:locale\" content=\"tr_TR\" \/>\n<meta property=\"og:type\" content=\"article\" \/>\n<meta property=\"og:title\" content=\"KO\u00c7LUK H\u0130ZMETLER\u0130M\u0130Z - Virtus Idea\" \/>\n<meta property=\"og:description\" content=\"[vc_row][vc_column][\/vc_column][\/vc_row][vc_row][vc_column][vc_empty_space][vc_tta_tour style=&#8221;modern&#8221; spacing=&#8221;2&#8243; gap=&#8221;2&#8243; active_section=&#8221;1&#8243; css=&#8221;.vc_custom_1665942198422{margin-right: 50px !important;margin-left: 50px !important;}&#8221;][vc_tta_section title=&#8221;KO\u00c7LUK H\u0130ZMETLER\u0130M\u0130Z&#8221; tab_id=&#8221;1665940283980-98bd831e-1aa0&#8243;][vc_column_text css=&#8221;.vc_custom_1665942764606{background-color: #ffffff !important;}&#8221;] Firmalara \u00dcst D\u00fczey Y\u00f6netici Ko\u00e7lu\u011fu ve Sat\u0131\u015fa \u00d6zel Liderlik Ko\u00e7lu\u011fu ve Mentorluk hizmeti sunmaktay\u0131z. Erdem Erol\u2019un ICF (Uluslararas\u0131 Ko\u00e7luk Federasyonu) onayl\u0131 PCC\u00a0 ACPC ve Adler Trained Coach (ATC) Profesyonel Ko\u00e7luk Lisans\u0131 bulunmaktad\u0131r. &nbsp; [\/vc_column_text][\/vc_tta_section][\/vc_tta_tour][\/vc_column][\/vc_row]\" \/>\n<meta property=\"og:url\" content=\"https:\/\/www.virtusidea.com\/index.php\/kocluk-hizmetlerimiz\/\" \/>\n<meta property=\"og:site_name\" content=\"Virtus Idea\" \/>\n<meta property=\"article:modified_time\" content=\"2022-10-16T17:55:36+00:00\" \/>\n<meta property=\"og:image\" content=\"http:\/\/www.virtusidea.com\/wp-content\/uploads\/2022\/10\/Resim5-300x292.jpg\" \/>\n<meta name=\"twitter:card\" content=\"summary_large_image\" \/>\n<meta name=\"twitter:label1\" content=\"Tahmini okuma s\u00fcresi\" \/>\n\t<meta name=\"twitter:data1\" content=\"1 dakika\" \/>\n<script type=\"application\/ld+json\" class=\"yoast-schema-graph\">{\"@context\":\"https:\/\/schema.org\",\"@graph\":[{\"@type\":\"WebPage\",\"@id\":\"https:\/\/www.virtusidea.com\/index.php\/kocluk-hizmetlerimiz\/\",\"url\":\"https:\/\/www.virtusidea.com\/index.php\/kocluk-hizmetlerimiz\/\",\"name\":\"KO\u00c7LUK H\u0130ZMETLER\u0130M\u0130Z - Virtus Idea\",\"isPartOf\":{\"@id\":\"https:\/\/www.virtusidea.com\/#website\"},\"datePublished\":\"2022-10-16T17:52:46+00:00\",\"dateModified\":\"2022-10-16T17:55:36+00:00\",\"breadcrumb\":{\"@id\":\"https:\/\/www.virtusidea.com\/index.php\/kocluk-hizmetlerimiz\/#breadcrumb\"},\"inLanguage\":\"tr\",\"potentialAction\":[{\"@type\":\"ReadAction\",\"target\":[\"https:\/\/www.virtusidea.com\/index.php\/kocluk-hizmetlerimiz\/\"]}]},{\"@type\":\"BreadcrumbList\",\"@id\":\"https:\/\/www.virtusidea.com\/index.php\/kocluk-hizmetlerimiz\/#breadcrumb\",\"itemListElement\":[{\"@type\":\"ListItem\",\"position\":1,\"name\":\"Anasayfa\",\"item\":\"https:\/\/www.virtusidea.com\/\"},{\"@type\":\"ListItem\",\"position\":2,\"name\":\"KO\u00c7LUK H\u0130ZMETLER\u0130M\u0130Z\"}]},{\"@type\":\"WebSite\",\"@id\":\"https:\/\/www.virtusidea.com\/#website\",\"url\":\"https:\/\/www.virtusidea.com\/\",\"name\":\"Virtus Idea\",\"description\":\"M&uuml;\u015fterilerinizin Karar Ko&ccedil;u Olun! - Be Your Customers Decision Coach!\",\"publisher\":{\"@id\":\"https:\/\/www.virtusidea.com\/#organization\"},\"potentialAction\":[{\"@type\":\"SearchAction\",\"target\":{\"@type\":\"EntryPoint\",\"urlTemplate\":\"https:\/\/www.virtusidea.com\/?s={search_term_string}\"},\"query-input\":\"required name=search_term_string\"}],\"inLanguage\":\"tr\"},{\"@type\":\"Organization\",\"@id\":\"https:\/\/www.virtusidea.com\/#organization\",\"name\":\"Virtus Idea\",\"url\":\"https:\/\/www.virtusidea.com\/\",\"sameAs\":[],\"logo\":{\"@type\":\"ImageObject\",\"inLanguage\":\"tr\",\"@id\":\"https:\/\/www.virtusidea.com\/#\/schema\/logo\/image\/\",\"url\":\"https:\/\/www.virtusidea.com\/wp-content\/uploads\/2022\/10\/logo-yeni-01-1.png\",\"contentUrl\":\"https:\/\/www.virtusidea.com\/wp-content\/uploads\/2022\/10\/logo-yeni-01-1.png\",\"width\":160,\"height\":56,\"caption\":\"Virtus Idea\"},\"image\":{\"@id\":\"https:\/\/www.virtusidea.com\/#\/schema\/logo\/image\/\"}}]}<\/script>\n<!-- \/ Yoast SEO plugin. -->","yoast_head_json":{"title":"KO\u00c7LUK H\u0130ZMETLER\u0130M\u0130Z - Virtus Idea","robots":{"index":"index","follow":"follow","max-snippet":"max-snippet:-1","max-image-preview":"max-image-preview:large","max-video-preview":"max-video-preview:-1"},"canonical":"https:\/\/www.virtusidea.com\/index.php\/kocluk-hizmetlerimiz\/","og_locale":"tr_TR","og_type":"article","og_title":"KO\u00c7LUK H\u0130ZMETLER\u0130M\u0130Z - Virtus Idea","og_description":"[vc_row][vc_column][\/vc_column][\/vc_row][vc_row][vc_column][vc_empty_space][vc_tta_tour style=&#8221;modern&#8221; spacing=&#8221;2&#8243; gap=&#8221;2&#8243; active_section=&#8221;1&#8243; css=&#8221;.vc_custom_1665942198422{margin-right: 50px !important;margin-left: 50px !important;}&#8221;][vc_tta_section title=&#8221;KO\u00c7LUK H\u0130ZMETLER\u0130M\u0130Z&#8221; tab_id=&#8221;1665940283980-98bd831e-1aa0&#8243;][vc_column_text css=&#8221;.vc_custom_1665942764606{background-color: #ffffff !important;}&#8221;] Firmalara \u00dcst D\u00fczey Y\u00f6netici Ko\u00e7lu\u011fu ve Sat\u0131\u015fa \u00d6zel Liderlik Ko\u00e7lu\u011fu ve Mentorluk hizmeti sunmaktay\u0131z. Erdem Erol\u2019un ICF (Uluslararas\u0131 Ko\u00e7luk Federasyonu) onayl\u0131 PCC\u00a0 ACPC ve Adler Trained Coach (ATC) Profesyonel Ko\u00e7luk Lisans\u0131 bulunmaktad\u0131r. &nbsp; [\/vc_column_text][\/vc_tta_section][\/vc_tta_tour][\/vc_column][\/vc_row]","og_url":"https:\/\/www.virtusidea.com\/index.php\/kocluk-hizmetlerimiz\/","og_site_name":"Virtus Idea","article_modified_time":"2022-10-16T17:55:36+00:00","og_image":[{"url":"http:\/\/www.virtusidea.com\/wp-content\/uploads\/2022\/10\/Resim5-300x292.jpg"}],"twitter_card":"summary_large_image","twitter_misc":{"Tahmini okuma s\u00fcresi":"1 dakika"},"schema":{"@context":"https:\/\/schema.org","@graph":[{"@type":"WebPage","@id":"https:\/\/www.virtusidea.com\/index.php\/kocluk-hizmetlerimiz\/","url":"https:\/\/www.virtusidea.com\/index.php\/kocluk-hizmetlerimiz\/","name":"KO\u00c7LUK H\u0130ZMETLER\u0130M\u0130Z - Virtus Idea","isPartOf":{"@id":"https:\/\/www.virtusidea.com\/#website"},"datePublished":"2022-10-16T17:52:46+00:00","dateModified":"2022-10-16T17:55:36+00:00","breadcrumb":{"@id":"https:\/\/www.virtusidea.com\/index.php\/kocluk-hizmetlerimiz\/#breadcrumb"},"inLanguage":"tr","potentialAction":[{"@type":"ReadAction","target":["https:\/\/www.virtusidea.com\/index.php\/kocluk-hizmetlerimiz\/"]}]},{"@type":"BreadcrumbList","@id":"https:\/\/www.virtusidea.com\/index.php\/kocluk-hizmetlerimiz\/#breadcrumb","itemListElement":[{"@type":"ListItem","position":1,"name":"Anasayfa","item":"https:\/\/www.virtusidea.com\/"},{"@type":"ListItem","position":2,"name":"KO\u00c7LUK H\u0130ZMETLER\u0130M\u0130Z"}]},{"@type":"WebSite","@id":"https:\/\/www.virtusidea.com\/#website","url":"https:\/\/www.virtusidea.com\/","name":"Virtus Idea","description":"M&uuml;\u015fterilerinizin Karar Ko&ccedil;u Olun! - Be Your Customers Decision Coach!","publisher":{"@id":"https:\/\/www.virtusidea.com\/#organization"},"potentialAction":[{"@type":"SearchAction","target":{"@type":"EntryPoint","urlTemplate":"https:\/\/www.virtusidea.com\/?s={search_term_string}"},"query-input":"required name=search_term_string"}],"inLanguage":"tr"},{"@type":"Organization","@id":"https:\/\/www.virtusidea.com\/#organization","name":"Virtus Idea","url":"https:\/\/www.virtusidea.com\/","sameAs":[],"logo":{"@type":"ImageObject","inLanguage":"tr","@id":"https:\/\/www.virtusidea.com\/#\/schema\/logo\/image\/","url":"https:\/\/www.virtusidea.com\/wp-content\/uploads\/2022\/10\/logo-yeni-01-1.png","contentUrl":"https:\/\/www.virtusidea.com\/wp-content\/uploads\/2022\/10\/logo-yeni-01-1.png","width":160,"height":56,"caption":"Virtus Idea"},"image":{"@id":"https:\/\/www.virtusidea.com\/#\/schema\/logo\/image\/"}}]}},"_links":{"self":[{"href":"https:\/\/www.virtusidea.com\/index.php\/wp-json\/wp\/v2\/pages\/821"}],"collection":[{"href":"https:\/\/www.virtusidea.com\/index.php\/wp-json\/wp\/v2\/pages"}],"about":[{"href":"https:\/\/www.virtusidea.com\/index.php\/wp-json\/wp\/v2\/types\/page"}],"author":[{"embeddable":true,"href":"https:\/\/www.virtusidea.com\/index.php\/wp-json\/wp\/v2\/users\/1"}],"replies":[{"embeddable":true,"href":"https:\/\/www.virtusidea.com\/index.php\/wp-json\/wp\/v2\/comments?post=821"}],"version-history":[{"count":3,"href":"https:\/\/www.virtusidea.com\/index.php\/wp-json\/wp\/v2\/pages\/821\/revisions"}],"predecessor-version":[{"id":827,"href":"https:\/\/www.virtusidea.com\/index.php\/wp-json\/wp\/v2\/pages\/821\/revisions\/827"}],"wp:attachment":[{"href":"https:\/\/www.virtusidea.com\/index.php\/wp-json\/wp\/v2\/media?parent=821"}],"curies":[{"name":"wp","href":"https:\/\/api.w.org\/{rel}","templated":true}]}}